{"id":2,"date":"2023-04-24T21:42:14","date_gmt":"2023-04-24T18:42:14","guid":{"rendered":"http:\/\/velenamast.com\/?page_id=2"},"modified":"2023-05-08T13:25:16","modified_gmt":"2023-05-08T10:25:16","slug":"velenamast-yat-sanayi","status":"publish","type":"page","link":"https:\/\/velenamast.com\/","title":{"rendered":"VELENAMAST YAT SANAY\u0130"},"content":{"rendered":"  <section class=\"section\" id=\"section_632163346\">\r\n      <div class=\"bg section-bg fill bg-fill  bg-loaded\" >\r\n\r\n        \r\n        \r\n        \r\n        \r\n        \r\n        \r\n\r\n      <\/div><!-- .section-bg -->\r\n\r\n      <div class=\"section-content relative\">\r\n        \n<div class=\"video video-fit mb\" style=\"padding-top:45%;\"><p><iframe loading=\"lazy\" title=\"VELENAMAST\" width=\"1020\" height=\"574\" src=\"https:\/\/www.youtube.com\/embed\/IWUL68rG5RE?feature=oembed\" frameborder=\"0\" allow=\"accelerometer; autoplay; clipboard-write; encrypted-media; gyroscope; picture-in-picture; web-share\" allowfullscreen><\/iframe><\/p>\n<\/div>\n      <\/div><!-- .section-content -->\r\n\r\n      \n<style scope=\"scope\">\n\n#section_632163346 {\n  padding-top: 0px;\n  padding-bottom: 0px;\n  min-height: 300px;\n}\n<\/style>\n  <\/section>\r\n  \n  <section class=\"section\" id=\"section_1250986324\">\r\n      <div class=\"bg section-bg fill bg-fill  bg-loaded\" >\r\n\r\n        \r\n        \r\n        \r\n        \r\n        \r\n        \r\n\r\n      <\/div><!-- .section-bg -->\r\n\r\n      <div class=\"section-content relative\">\r\n        \n<div class=\"row\" style=\"max-width:1200px\" id=\"row-171225942\">\n<div class=\"col small-12 large-12\"  ><div class=\"col-inner\"  >\n<h2><span style=\"font-size: 75%;\">VELENAMAST YAT SANAY\u0130<\/span><\/h2>\n<\/div><\/div>\n<div class=\"col medium-8 small-12 large-8\"  ><div class=\"col-inner\"  >\n<p><span style=\"font-size: 75%;\">2004 y\u0131l\u0131ndan y\u0131l\u0131nda kurulan \u015firketimiz, VELENA YAT SAN. Al\u00fcminyum direk imalat\u0131, g\u00fcverte ve arma donan\u0131m ile Bodrum \/ \u0130\u00e7melerde hizmet vermeye ba\u015flam\u0131\u015ft\u0131r.<\/span><\/p>\n<p><span style=\"font-size: 75%;\">K\u0131sa zaman i\u00e7inde, yurtd\u0131\u015f\u0131 ba\u011flant\u0131lar\u0131 ve fuar \u00e7al\u0131\u015fmalar\u0131yla, teknolojik geli\u015fmeleri izleyerek, y\u00fckselen b\u00fcy\u00fcme ger\u00e7ekle\u015ftirmi\u015ftir. \u015eirketimiz, yat\u0131r\u0131ma da \u00f6nem vererek \u00fcretimlerinde en iyi makineleri kullanmaktad\u0131r.<\/span><\/p>\n<p><span style=\"font-size: 75%;\">Ayn\u0131 zamanda bizler, y\u0131llar\u0131n getirdi\u011fi yelkencilik tecr\u00fcbesini ve teknik bilgimizi \u00fcretimlerimizde ba\u015far\u0131yla kullanmaktay\u0131z. Al\u00fcminyum direkt profilimiz, CAD ortam\u0131ndaki teknik \u00e7izimle projelendirilirken, en iyi g\u00f6r\u00fcn\u00fcm\u00fc vermekle beraber teknik a\u00e7\u0131dan da en m\u00fckemmel \u015fekilde \u00fcretim band\u0131m\u0131za ula\u015fmaktad\u0131r.<\/span><\/p>\n<p><span style=\"font-size: 75%;\">Kendi dizayn\u0131m\u0131z olan kal\u0131plara, ekstr\u00fczyon fabrikalar\u0131nda, yelken dire\u011fi \u00f6zelliklerine uygun farkl\u0131 al\u00fcminyum ala\u015f\u0131mlarla preslenerek \u00e7ekilir. Bu teknik ile farkl\u0131 b\u00fcy\u00fckl\u00fckteki tekneler i\u00e7in hesaplanm\u0131\u015f \u015fekil ve b\u00fcy\u00fckl\u00fckte profil kal\u0131plar\u0131 haz\u0131rlan\u0131r.<\/span><\/p>\n<p><span style=\"font-size: 75%;\">\u0130malat a\u015famas\u0131nda ise, profillere eklenecek par\u00e7alar CNC tip makinelerde i\u015flenerek monte edilir. B\u00f6ylece profiller birle\u015ftirilerek direk olu\u015fumu ger\u00e7ekle\u015ftirilir.<\/span><\/p>\n<p><span style=\"font-size: 75%;\">Son a\u015famada ise, direkt tekne \u00fczerine monte edilerek yerle\u015ftirilir. G\u00fcverte, arma donan\u0131m\u0131 ve direk trimi yap\u0131l\u0131r.<\/span><\/p>\n<p><span style=\"font-size: 75%;\">VELENA YAT SANAY\u0130, \u00fcretimlerinde kaliteli ve profesyonel \u00e7al\u0131\u015fmay\u0131 ilke edinmi\u015ftir. Bu y\u00fczden yurt i\u00e7inde oldu\u011fu kadar yurtd\u0131\u015f\u0131nda da her ge\u00e7en g\u00fcn daha fazla talebe al\u00fcminyum direk \u00fcretimi ger\u00e7ekle\u015ftirmektedir.<\/span><\/p>\n<\/div><\/div>\n<div class=\"col medium-4 small-12 large-4\"  ><div class=\"col-inner\" style=\"margin:20px 0px 0px 0px;\" >\n    <div class=\"img has-hover x md-x lg-x y md-y lg-y\" id=\"image_354162727\">\r\n                <div class=\"img-inner dark\" >\r\n        <img loading=\"lazy\" decoding=\"async\" width=\"533\" height=\"300\" src=\"https:\/\/velenamast.com\/wp-content\/uploads\/2023\/04\/velenamast-1.jpg\" class=\"attachment-large size-large\" alt=\"\" srcset=\"https:\/\/velenamast.com\/wp-content\/uploads\/2023\/04\/velenamast-1.jpg 533w, https:\/\/velenamast.com\/wp-content\/uploads\/2023\/04\/velenamast-1-300x169.jpg 300w\" sizes=\"auto, (max-width: 533px) 100vw, 533px\" \/>                \r\n            <\/div>\r\n                   \n<style scope=\"scope\">\n\n<\/style>\n    <\/div>\r\n    \n    <div class=\"img has-hover x md-x lg-x y md-y lg-y\" id=\"image_248525478\">\r\n                <div class=\"img-inner dark\" >\r\n        <img loading=\"lazy\" decoding=\"async\" width=\"533\" height=\"300\" src=\"https:\/\/velenamast.com\/wp-content\/uploads\/2023\/04\/velenamast-2.png\" class=\"attachment-large size-large\" alt=\"\" srcset=\"https:\/\/velenamast.com\/wp-content\/uploads\/2023\/04\/velenamast-2.png 533w, https:\/\/velenamast.com\/wp-content\/uploads\/2023\/04\/velenamast-2-300x169.png 300w\" sizes=\"auto, (max-width: 533px) 100vw, 533px\" \/>                \r\n            <\/div>\r\n                   \n<style scope=\"scope\">\n\n<\/style>\n    <\/div>\r\n    \n<\/div><\/div>\n\n<style scope=\"scope\">\n\n<\/style>\n<\/div>\n      <\/div><!-- .section-content -->\r\n\r\n      \n<style scope=\"scope\">\n\n#section_1250986324 {\n  padding-top: 50px;\n  padding-bottom: 50px;\n  background-color: rgb(239, 239, 239);\n}\n<\/style>\n  <\/section>\r\n  \n  <section class=\"section\" id=\"section_1646435548\">\r\n      <div class=\"bg section-bg fill bg-fill  bg-loaded\" >\r\n\r\n        \r\n        \r\n        \r\n        \r\n        \r\n        \r\n\r\n      <\/div><!-- .section-bg -->\r\n\r\n      <div class=\"section-content relative\">\r\n        \n<div class=\"row row-collapse align-middle align-center row-dashed row-box-shadow-2 row-box-shadow-5-hover\" style=\"max-width:1200px\" id=\"row-75779845\">\n<div class=\"col medium-4 small-12 large-4\"  ><div class=\"col-inner text-center\" style=\"background-color:rgb(255, 255, 255);padding:30px 20px 40px 20px;\" >\n<h4>FABR\u0130KAMIZ<\/h4>\n    <div class=\"box has-hover has-hover box-overlay dark box-text-bottom\" >\r\n\r\n                  <div class=\"box-image\" style=\"width:90%;\">\r\n             <div class=\"\" >\r\n                <img loading=\"lazy\" decoding=\"async\" width=\"300\" height=\"169\" src=\"https:\/\/velenamast.com\/wp-content\/uploads\/2023\/04\/fabrikamiz.jpg\" class=\"attachment- size-\" alt=\"\" \/>                <div class=\"overlay\" style=\"background-color:1\"><\/div>                              <\/div>\r\n          <\/div><!-- box-image -->\r\n         \r\n          <div class=\"box-text text-center\" >\r\n                <div class=\"box-text-inner\">\r\n                    \n                <\/div><!-- box-text-inner -->\r\n          <\/div><!-- box-text -->\r\n    <\/div><!-- .box  -->\r\n    \n<\/div><\/div>\n<div class=\"col medium-4 small-12 large-4\"  ><div class=\"col-inner text-center\" style=\"background-color:rgb(255, 255, 255);padding:30px 20px 40px 20px;\" >\n<h4>\u00dcRET\u0130M<\/h4>\n    <div class=\"box has-hover has-hover box-overlay dark box-text-bottom\" >\r\n\r\n                  <div class=\"box-image\" style=\"width:90%;\">\r\n             <div class=\"\" >\r\n                <img loading=\"lazy\" decoding=\"async\" width=\"300\" height=\"169\" src=\"https:\/\/velenamast.com\/wp-content\/uploads\/2023\/04\/uretim.jpg\" class=\"attachment- size-\" alt=\"\" \/>                <div class=\"overlay\" style=\"background-color:1\"><\/div>                              <\/div>\r\n          <\/div><!-- box-image -->\r\n         \r\n          <div class=\"box-text text-center\" >\r\n                <div class=\"box-text-inner\">\r\n                    \n                <\/div><!-- box-text-inner -->\r\n          <\/div><!-- box-text -->\r\n    <\/div><!-- .box  -->\r\n    \n<\/div><\/div>\n<div class=\"col medium-4 small-12 large-4\"  ><div class=\"col-inner text-center\" style=\"background-color:rgb(255, 255, 255);padding:30px 20px 40px 20px;\" >\n<h4>\u00dcR\u00dcNLER<\/h4>\n    <div class=\"box has-hover has-hover box-overlay dark box-text-bottom\" >\r\n\r\n                  <div class=\"box-image\" style=\"width:90%;\">\r\n             <div class=\"\" >\r\n                <img loading=\"lazy\" decoding=\"async\" width=\"300\" height=\"169\" src=\"https:\/\/velenamast.com\/wp-content\/uploads\/2023\/04\/urunler-2.jpg\" class=\"attachment- size-\" alt=\"\" \/>                <div class=\"overlay\" style=\"background-color:1\"><\/div>                              <\/div>\r\n          <\/div><!-- box-image -->\r\n         \r\n          <div class=\"box-text text-center\" >\r\n                <div class=\"box-text-inner\">\r\n                    \n                <\/div><!-- box-text-inner -->\r\n          <\/div><!-- box-text -->\r\n    <\/div><!-- .box  -->\r\n    \n<\/div><\/div>\n<div class=\"col medium-4 small-12 large-4\"  ><div class=\"col-inner text-center\" style=\"background-color:rgb(255, 255, 255);padding:30px 20px 40px 20px;\" >\n<h4>PROJELER<\/h4>\n    <div class=\"box has-hover has-hover box-overlay dark box-text-bottom\" >\r\n\r\n                  <div class=\"box-image\" >\r\n             <div class=\"\" >\r\n                <img loading=\"lazy\" decoding=\"async\" width=\"300\" height=\"169\" src=\"https:\/\/velenamast.com\/wp-content\/uploads\/2023\/04\/projeler.png\" class=\"attachment- size-\" alt=\"\" \/>                <div class=\"overlay\" style=\"background-color:1\"><\/div>                              <\/div>\r\n          <\/div><!-- box-image -->\r\n         \r\n          <div class=\"box-text text-center\" >\r\n                <div class=\"box-text-inner\">\r\n                    \n                <\/div><!-- box-text-inner -->\r\n          <\/div><!-- box-text -->\r\n    <\/div><!-- .box  -->\r\n    \n<\/div><\/div>\n<div class=\"col medium-4 small-12 large-4\"  ><div class=\"col-inner text-center\" style=\"background-color:rgb(255, 255, 255);padding:30px 20px 40px 20px;\" >\n<h4>YEN\u0130LEME<\/h4>\n    <div class=\"box has-hover has-hover box-overlay dark box-text-bottom\" >\r\n\r\n                  <div class=\"box-image\" >\r\n             <div class=\"\" >\r\n                <img loading=\"lazy\" decoding=\"async\" width=\"300\" height=\"169\" src=\"https:\/\/velenamast.com\/wp-content\/uploads\/2023\/04\/yenileme.jpg\" class=\"attachment- size-\" alt=\"\" \/>                <div class=\"overlay\" style=\"background-color:1\"><\/div>                              <\/div>\r\n          <\/div><!-- box-image -->\r\n         \r\n          <div class=\"box-text text-center\" >\r\n                <div class=\"box-text-inner\">\r\n                    \n                <\/div><!-- box-text-inner -->\r\n          <\/div><!-- box-text -->\r\n    <\/div><!-- .box  -->\r\n    \n<\/div><\/div>\n<div class=\"col medium-4 small-12 large-4\"  ><div class=\"col-inner text-center\" style=\"background-color:rgb(255, 255, 255);padding:30px 20px 40px 20px;\" >\n<h4>REFERANSLAR<\/h4>\n    <div class=\"box has-hover has-hover box-overlay dark box-text-bottom\" >\r\n\r\n                  <div class=\"box-image\" >\r\n             <div class=\"\" >\r\n                <img loading=\"lazy\" decoding=\"async\" width=\"300\" height=\"169\" src=\"https:\/\/velenamast.com\/wp-content\/uploads\/2023\/04\/referanslar.jpg\" class=\"attachment- size-\" alt=\"\" \/>                <div class=\"overlay\" style=\"background-color:1\"><\/div>                              <\/div>\r\n          <\/div><!-- box-image -->\r\n         \r\n          <div class=\"box-text text-center\" >\r\n                <div class=\"box-text-inner\">\r\n                    \n                <\/div><!-- box-text-inner -->\r\n          <\/div><!-- box-text -->\r\n    <\/div><!-- .box  -->\r\n    \n<\/div><\/div>\n\n<style scope=\"scope\">\n\n#row-75779845 > .col > .col-inner {\n  padding: 20px 0px 20px 0px;\n}\n<\/style>\n<\/div>\n      <\/div><!-- .section-content -->\r\n\r\n      \n<style scope=\"scope\">\n\n#section_1646435548 {\n  padding-top: 50px;\n  padding-bottom: 50px;\n  background-color: rgb(207, 226, 229);\n}\n<\/style>\n  <\/section>\r\n  \n  <section class=\"section\" id=\"section_1049002560\">\r\n      <div class=\"bg section-bg fill bg-fill  bg-loaded\" >\r\n\r\n        \r\n        \r\n        \r\n        \r\n        \r\n        \r\n\r\n      <\/div><!-- .section-bg -->\r\n\r\n      <div class=\"section-content relative\">\r\n        \n<div class=\"row row-box-shadow-2 row-box-shadow-5-hover\" style=\"max-width:1200px\" id=\"row-1028425905\">\n<div class=\"col small-12 large-12\"  ><div class=\"col-inner text-center\" style=\"background-color:rgb(255, 255, 255);padding:20px 20px 30px 20px;\" >\n<h4>T\u00dcRK\u0130YE&#8217; N\u0130N \u0130LK KARBON D\u0130RE\u011e\u0130<\/h4>\n<p><span style=\"font-size: 80%;\">Bodrum \u0130\u00e7meler&#8217; deki tersanesinde 2004&#8242; ten bug\u00fcne al\u00fcminyum direk imalat\u0131, g\u00fcverte ve arma donan\u0131m hizmeti veren <strong>Velenamast<\/strong>, T\u00fcrkiye&#8217; de \u00fcretilen <strong>ilk karbon dire\u011fe<\/strong> de imzas\u0131n\u0131 att\u0131. <strong>Velenamast<\/strong>, bug\u00fcne kadar 200&#8242; den fazla al\u00fcminyum direk imal etmi\u015ftir. Firma, y\u0131llard\u0131r \u00fczerinde ara\u015ft\u0131rma ve geli\u015ftirme yapt\u0131\u011f\u0131 ilk karbon dire\u011fi yine tersanesinde in\u015fa etti\u011fi <strong>one design<\/strong> teknesi <strong>Vel25<\/strong>&#8216; te kulland\u0131. Uzun y\u0131llar yurt d\u0131\u015f\u0131ndan bilgi al\u0131\u015fveri\u015finde bulunduktan sonra 2014&#8217; te projeyi hayata ge\u00e7irme imkan\u0131 bulan <strong>Velenamast&#8217; \u0131n kurucusu Aytu\u011f \u00dcrer<\/strong> k\u0131sa bir s\u00fcre \u00f6nce \u00fcretimine ba\u015flad\u0131klar\u0131 karbon direklere yurt d\u0131\u015f\u0131ndan sipari\u015fler geldi\u011fini a\u00e7\u0131klad\u0131.<\/span><\/p>\n<\/div><\/div>\n\n<style scope=\"scope\">\n\n<\/style>\n<\/div>\n      <\/div><!-- .section-content -->\r\n\r\n      \n<style scope=\"scope\">\n\n#section_1049002560 {\n  padding-top: 50px;\n  padding-bottom: 50px;\n  background-color: rgb(239, 239, 239);\n}\n<\/style>\n  <\/section>\r\n  \n  <section class=\"section\" id=\"section_480727075\">\r\n      <div class=\"bg section-bg fill bg-fill  \" >\r\n\r\n        \r\n        <div class=\"section-bg-overlay absolute fill\"><\/div>\r\n        \r\n        \r\n        \r\n        \r\n\r\n      <\/div><!-- .section-bg -->\r\n\r\n      <div class=\"section-content relative\">\r\n        \n<div class=\"row align-equal align-center\" style=\"max-width:1200px\" id=\"row-738195956\">\n<div class=\"col medium-4 small-12 large-4\"  ><div class=\"col-inner\"  >\n<h3><span style=\"color: #ffffff;\">B\u0130Z\u0130MLE \u0130LET\u0130\u015e\u0130ME GE\u00c7\u0130N<\/span><\/h3>\n<p><span style=\"color: #ffffff;\">2004 y\u0131l\u0131ndan y\u0131l\u0131nda kurulan \u015firketimiz, VELENA YAT SAN. Al\u00fcminyum direk imalat\u0131, g\u00fcverte ve arma donan\u0131m ile Bodrum \/ \u0130\u00e7melerde hizmet vermeye ba\u015flam\u0131\u015ft\u0131r.<\/span><br \/><span style=\"color: #ffffff;\">VELENA YAT SANAY\u0130, \u00fcretimlerinde kaliteli ve profesyonel \u00e7al\u0131\u015fmay\u0131 ilke edinmi\u015ftir. Bu y\u00fczden yurt i\u00e7inde oldu\u011fu kadar yurtd\u0131\u015f\u0131nda da her ge\u00e7en g\u00fcn daha fazla talebe al\u00fcminyum direk \u00fcretimi ger\u00e7ekle\u015ftirmektedir.<\/span><\/p>\n<p><span style=\"font-size: 75%;\">Copyright [2018] \u00a9 VELENAMAST YAT SANAY\u0130<\/span><\/p>\n<\/div><\/div>\n<div class=\"col medium-4 small-12 large-4\"  ><div class=\"col-inner\"  >\n<h3 style=\"text-align: center;\"><span style=\"color: #ffffff;\">\u00c7ALI\u015eMA SAATLER\u0130M\u0130Z<\/span><\/h3>\n<a class=\"button white is-shade lowercase expand\"  >\r\n    <span>Pazartesi - Cuma<\/span>\r\n  <\/a>\r\n\n<h3 style=\"text-align: center;\"><span style=\"color: #ffffff; font-size: 80%;\">09:00 &#8211; 18:00<\/span><\/h3>\n<a class=\"button white is-shade lowercase expand\"  >\r\n    <span>Cumartesi<\/span>\r\n  <\/a>\r\n\n<h3 style=\"text-align: center;\"><span style=\"color: #ffffff; font-size: 80%;\">09:00 &#8211; 18:00<\/span><\/h3>\n<a class=\"button white is-shade lowercase expand\"  >\r\n    <span>Acil Durumlar<\/span>\r\n  <\/a>\r\n\n<h3 style=\"text-align: center;\"><span style=\"color: #ffffff; font-size: 80%;\">L\u00fctfen Aray\u0131n\u0131z<\/span><\/h3>\n<\/div><\/div>\n<div class=\"col medium-4 small-12 large-4\"  ><div class=\"col-inner\"  >\n<p style=\"text-align: right;\"><span style=\"color: #ffffff;\"><span style=\"color: #ff0000;\"><i class=\"fas fa-map-marker\" style=\"solid\"><\/i>\u00a0<\/span> ADRES<\/span><\/p>\n<p style=\"text-align: right;\"><span style=\"color: #ffffff;\">Kumbah\u00e7e Mah. Tirhandil Sk. <br \/>No:17\/A 48400 <br \/>\u0130\u00e7meler &#8211; Bodrum \/ MU\u011eLA<\/span><\/p>\n<p style=\"text-align: right;\"><span style=\"color: #ffffff;\"><span style=\"color: #ff0000;\"><i class=\"fas fa-phone-square-alt\" style=\"solid\"><\/i>\u00a0 <\/span>TELEFON <br \/>+90 252 3163503<\/span><\/p>\n<p style=\"text-align: right;\"><span style=\"color: #ffffff;\"><span style=\"color: #ff0000;\"> <i class=\"fas fa-mail-bulk\" style=\"solid\"><\/i><\/span>\u00a0 \u00a0E-MAIL<br \/><a style=\"color: #ffffff;\" href=\"mailto:info@velenamast.com\">info@velenamast.com<\/a><\/span><\/p>\n<\/div><\/div>\n\n<style scope=\"scope\">\n\n<\/style>\n<\/div>\n      <\/div><!-- .section-content -->\r\n\r\n      \n<style scope=\"scope\">\n\n#section_480727075 {\n  padding-top: 0px;\n  padding-bottom: 0px;\n}\n#section_480727075 .section-bg-overlay {\n  background-color: rgba(0, 0, 0, 0.72);\n}\n#section_480727075 .section-bg.bg-loaded {\n  background-image: url(https:\/\/velenamast.com\/wp-content\/uploads\/2023\/04\/main-bottom-4.jpg);\n}\n<\/style>\n  <\/section>\r\n  \n","protected":false},"excerpt":{"rendered":"","protected":false},"author":1,"featured_media":0,"parent":0,"menu_order":0,"comment_status":"closed","ping_status":"closed","template":"page-blank.php","meta":{"footnotes":""},"class_list":["post-2","page","type-page","status-publish","hentry"],"_links":{"self":[{"href":"https:\/\/velenamast.com\/index.php?rest_route=\/wp\/v2\/pages\/2","targetHints":{"allow":["GET"]}}],"collection":[{"href":"https:\/\/velenamast.com\/index.php?rest_route=\/wp\/v2\/pages"}],"about":[{"href":"https:\/\/velenamast.com\/index.php?rest_route=\/wp\/v2\/types\/page"}],"author":[{"embeddable":true,"href":"https:\/\/velenamast.com\/index.php?rest_route=\/wp\/v2\/users\/1"}],"replies":[{"embeddable":true,"href":"https:\/\/velenamast.com\/index.php?rest_route=%2Fwp%2Fv2%2Fcomments&post=2"}],"version-history":[{"count":164,"href":"https:\/\/velenamast.com\/index.php?rest_route=\/wp\/v2\/pages\/2\/revisions"}],"predecessor-version":[{"id":748,"href":"https:\/\/velenamast.com\/index.php?rest_route=\/wp\/v2\/pages\/2\/revisions\/748"}],"wp:attachment":[{"href":"https:\/\/velenamast.com\/index.php?rest_route=%2Fwp%2Fv2%2Fmedia&parent=2"}],"curies":[{"name":"wp","href":"https:\/\/api.w.org\/{rel}","templated":true}]}}