{"id":328,"date":"2023-04-26T11:45:10","date_gmt":"2023-04-26T08:45:10","guid":{"rendered":"http:\/\/velenamast.com\/?page_id=328"},"modified":"2023-04-26T11:47:50","modified_gmt":"2023-04-26T08:47:50","slug":"velenamast-yat-sanayi-projeler","status":"publish","type":"page","link":"https:\/\/velenamast.com\/?page_id=328","title":{"rendered":"VELENAMAST YAT SANAY\u0130 &#8211; PROJELER"},"content":{"rendered":"  <section class=\"section\" id=\"section_1000309057\">\r\n      <div class=\"bg section-bg fill bg-fill  \" >\r\n\r\n        \r\n        \r\n        \r\n        \r\n        \r\n        \r\n\r\n      <\/div><!-- .section-bg -->\r\n\r\n      <div class=\"section-content relative\">\r\n        \n      <\/div><!-- .section-content -->\r\n\r\n      \n<style scope=\"scope\">\n\n#section_1000309057 {\n  padding-top: 0px;\n  padding-bottom: 0px;\n  min-height: 300px;\n}\n#section_1000309057 .section-bg.bg-loaded {\n  background-image: url(https:\/\/velenamast.com\/wp-content\/uploads\/2023\/04\/yenileme56.png);\n}\n#section_1000309057 .section-bg {\n  background-position: 100% 59%;\n}\n<\/style>\n  <\/section>\r\n  \n  <section class=\"section\" id=\"section_1662761061\">\r\n      <div class=\"bg section-bg fill bg-fill  bg-loaded\" >\r\n\r\n        \r\n        \r\n        \r\n        \r\n        \r\n        \r\n\r\n      <\/div><!-- .section-bg -->\r\n\r\n      <div class=\"section-content relative\">\r\n        \n<div class=\"row row-collapse align-middle align-center\"  id=\"row-1076168174\">\n<div class=\"col small-12 large-12\"  ><div class=\"col-inner\"  >\n<h2><span style=\"font-size: 75%;\">PROJELER<\/span><\/h2>\n<h1><span style=\"font-size: 75%;\">HAZIRLANIYOR<\/span><\/h1>\n<\/div><\/div>\n\n<style scope=\"scope\">\n\n<\/style>\n<\/div>\n      <\/div><!-- .section-content -->\r\n\r\n      \n<style scope=\"scope\">\n\n#section_1662761061 {\n  padding-top: 100px;\n  padding-bottom: 100px;\n  background-color: rgb(239, 239, 239);\n}\n<\/style>\n  <\/section>\r\n  \n  <section class=\"section\" id=\"section_38871276\">\r\n      <div class=\"bg section-bg fill bg-fill  \" >\r\n\r\n        \r\n        <div class=\"section-bg-overlay absolute fill\"><\/div>\r\n        \r\n        \r\n        \r\n        \r\n\r\n      <\/div><!-- .section-bg -->\r\n\r\n      <div class=\"section-content relative\">\r\n        \n<div class=\"row align-equal align-center\" style=\"max-width:1200px\" id=\"row-1961742809\">\n<div class=\"col medium-4 small-12 large-4\"  ><div class=\"col-inner\"  >\n<h3><span style=\"color: #ffffff;\">B\u0130Z\u0130MLE \u0130LET\u0130\u015e\u0130ME GE\u00c7\u0130N<\/span><\/h3>\n<p><span style=\"color: #ffffff;\">2004 y\u0131l\u0131ndan y\u0131l\u0131nda kurulan \u015firketimiz, VELENA YAT SAN. Al\u00fcminyum direk imalat\u0131, g\u00fcverte ve arma donan\u0131m ile Bodrum \/ \u0130\u00e7melerde hizmet vermeye ba\u015flam\u0131\u015ft\u0131r.<\/span><br \/><span style=\"color: #ffffff;\">VELENA YAT SANAY\u0130, \u00fcretimlerinde kaliteli ve profesyonel \u00e7al\u0131\u015fmay\u0131 ilke edinmi\u015ftir. Bu y\u00fczden yurt i\u00e7inde oldu\u011fu kadar yurtd\u0131\u015f\u0131nda da her ge\u00e7en g\u00fcn daha fazla talebe al\u00fcminyum direk \u00fcretimi ger\u00e7ekle\u015ftirmektedir.<\/span><\/p>\n<p><span style=\"font-size: 75%;\">Copyright [2018] \u00a9 VELENAMAST YAT SANAY\u0130<\/span><\/p>\n<\/div><\/div>\n<div class=\"col medium-4 small-12 large-4\"  ><div class=\"col-inner\"  >\n<h3 style=\"text-align: center;\"><span style=\"color: #ffffff;\">\u00c7ALI\u015eMA SAATLER\u0130M\u0130Z<\/span><\/h3>\n<a class=\"button white is-shade lowercase expand\"  >\r\n    <span>Pazartesi - Cuma<\/span>\r\n  <\/a>\r\n\n<h3 style=\"text-align: center;\"><span style=\"color: #ffffff; font-size: 80%;\">09:00 &#8211; 18:00<\/span><\/h3>\n<a class=\"button white is-shade lowercase expand\"  >\r\n    <span>Cumartesi<\/span>\r\n  <\/a>\r\n\n<h3 style=\"text-align: center;\"><span style=\"color: #ffffff; font-size: 80%;\">09:00 &#8211; 18:00<\/span><\/h3>\n<a class=\"button white is-shade lowercase expand\"  >\r\n    <span>Acil Durumlar<\/span>\r\n  <\/a>\r\n\n<h3 style=\"text-align: center;\"><span style=\"color: #ffffff; font-size: 80%;\">L\u00fctfen Aray\u0131n\u0131z<\/span><\/h3>\n<\/div><\/div>\n<div class=\"col medium-4 small-12 large-4\"  ><div class=\"col-inner\"  >\n<p style=\"text-align: right;\"><span style=\"color: #ffffff;\"><span style=\"color: #ff0000;\"><i class=\"fas fa-map-marker\" style=\"solid\"><\/i>\u00a0<\/span> ADRES<\/span><\/p>\n<p style=\"text-align: right;\"><span style=\"color: #ffffff;\">Kumbah\u00e7e Mah. Tirhandil Sk. <br \/>No:17\/A 48400 <br \/>\u0130\u00e7meler &#8211; Bodrum \/ MU\u011eLA<\/span><\/p>\n<p style=\"text-align: right;\"><span style=\"color: #ffffff;\"><span style=\"color: #ff0000;\"><i class=\"fas fa-phone-square-alt\" style=\"solid\"><\/i>\u00a0 <\/span>TELEFON <br \/>+90 252 3163503<\/span><\/p>\n<p style=\"text-align: right;\"><span style=\"color: #ffffff;\"><span style=\"color: #ff0000;\"> <i class=\"fas fa-mail-bulk\" style=\"solid\"><\/i><\/span>\u00a0 \u00a0E-MAIL<br \/><a style=\"color: #ffffff;\" href=\"mailto:info@velenamast.com\">info@velenamast.com<\/a><\/span><\/p>\n<\/div><\/div>\n\n<style scope=\"scope\">\n\n<\/style>\n<\/div>\n      <\/div><!-- .section-content -->\r\n\r\n      \n<style scope=\"scope\">\n\n#section_38871276 {\n  padding-top: 0px;\n  padding-bottom: 0px;\n}\n#section_38871276 .section-bg-overlay {\n  background-color: rgba(0, 0, 0, 0.72);\n}\n#section_38871276 .section-bg.bg-loaded {\n  background-image: url(https:\/\/velenamast.com\/wp-content\/uploads\/2023\/04\/main-bottom-4.jpg);\n}\n<\/style>\n  <\/section>\r\n  \n","protected":false},"excerpt":{"rendered":"","protected":false},"author":1,"featured_media":0,"parent":0,"menu_order":0,"comment_status":"closed","ping_status":"closed","template":"page-blank.php","meta":{"footnotes":""},"class_list":["post-328","page","type-page","status-publish","hentry"],"_links":{"self":[{"href":"https:\/\/velenamast.com\/index.php?rest_route=\/wp\/v2\/pages\/328","targetHints":{"allow":["GET"]}}],"collection":[{"href":"https:\/\/velenamast.com\/index.php?rest_route=\/wp\/v2\/pages"}],"about":[{"href":"https:\/\/velenamast.com\/index.php?rest_route=\/wp\/v2\/types\/page"}],"author":[{"embeddable":true,"href":"https:\/\/velenamast.com\/index.php?rest_route=\/wp\/v2\/users\/1"}],"replies":[{"embeddable":true,"href":"https:\/\/velenamast.com\/index.php?rest_route=%2Fwp%2Fv2%2Fcomments&post=328"}],"version-history":[{"count":4,"href":"https:\/\/velenamast.com\/index.php?rest_route=\/wp\/v2\/pages\/328\/revisions"}],"predecessor-version":[{"id":332,"href":"https:\/\/velenamast.com\/index.php?rest_route=\/wp\/v2\/pages\/328\/revisions\/332"}],"wp:attachment":[{"href":"https:\/\/velenamast.com\/index.php?rest_route=%2Fwp%2Fv2%2Fmedia&parent=328"}],"curies":[{"name":"wp","href":"https:\/\/api.w.org\/{rel}","templated":true}]}}