{"id":406,"date":"2023-04-26T12:09:31","date_gmt":"2023-04-26T09:09:31","guid":{"rendered":"http:\/\/velenamast.com\/?page_id=406"},"modified":"2023-04-26T20:59:17","modified_gmt":"2023-04-26T17:59:17","slug":"velenamast-yat-sanayi-iletisim","status":"publish","type":"page","link":"https:\/\/velenamast.com\/?page_id=406","title":{"rendered":"VELENAMAST YAT SANAY\u0130 &#8211; \u0130LET\u0130\u015e\u0130M"},"content":{"rendered":"  <section class=\"section\" id=\"section_1219308312\">\r\n      <div class=\"bg section-bg fill bg-fill  \" >\r\n\r\n        \r\n        \r\n        \r\n        \r\n        \r\n        \r\n\r\n      <\/div><!-- .section-bg -->\r\n\r\n      <div class=\"section-content relative\">\r\n        \n      <\/div><!-- .section-content -->\r\n\r\n      \n<style scope=\"scope\">\n\n#section_1219308312 {\n  padding-top: 0px;\n  padding-bottom: 0px;\n  min-height: 300px;\n}\n#section_1219308312 .section-bg.bg-loaded {\n  background-image: url(https:\/\/velenamast.com\/wp-content\/uploads\/2023\/04\/main-bottom-4.jpg);\n}\n#section_1219308312 .section-bg {\n  background-position: 42% 23%;\n}\n<\/style>\n  <\/section>\r\n  \n  <section class=\"section\" id=\"section_442835948\">\r\n      <div class=\"bg section-bg fill bg-fill  bg-loaded\" >\r\n\r\n        \r\n        \r\n        \r\n        \r\n        \r\n        \r\n\r\n      <\/div><!-- .section-bg -->\r\n\r\n      <div class=\"section-content relative\">\r\n        \n<div class=\"row row-collapse align-middle align-center\"  id=\"row-401005927\">\n<div class=\"col small-12 large-12\"  ><div class=\"col-inner\"  >\n<h2><span style=\"font-size: 75%;\">B\u0130ZE ULA\u015eIN<\/span><\/h2>\n<p style=\"text-align: center;\"><iframe loading=\"lazy\" style=\"border: 0;\" src=\"https:\/\/www.google.com\/maps\/embed?pb=!1m26!1m12!1m3!1d807160.1280854959!2d27.0317360104932!3d37.79076039344962!2m3!1f0!2f0!3f0!3m2!1i1024!2i768!4f13.1!4m11!3e6!4m3!3m2!1d38.555505499999995!2d27.067639399999997!4m5!1s0x14be6d19acb6f0ad%3A0x182341782a929b03!2sVELENAMAST%20YAT%20SANAY%C4%B0!3m2!1d37.0125458!2d27.453687!5e0!3m2!1str!2str!4v1682501011152!5m2!1str!2str\" width=\"1100\" height=\"600\" allowfullscreen=\"allowfullscreen\"><\/iframe><\/p>\n<\/div><\/div>\n\n<style scope=\"scope\">\n\n<\/style>\n<\/div>\n      <\/div><!-- .section-content -->\r\n\r\n      \n<style scope=\"scope\">\n\n#section_442835948 {\n  padding-top: 50px;\n  padding-bottom: 50px;\n  background-color: rgb(239, 239, 239);\n}\n<\/style>\n  <\/section>\r\n  \n  <section class=\"section\" id=\"section_16613781\">\r\n      <div class=\"bg section-bg fill bg-fill  \" >\r\n\r\n        \r\n        <div class=\"section-bg-overlay absolute fill\"><\/div>\r\n        \r\n        \r\n        \r\n        \r\n\r\n      <\/div><!-- .section-bg -->\r\n\r\n      <div class=\"section-content relative\">\r\n        \n<div class=\"row align-equal align-center\" style=\"max-width:1200px\" id=\"row-242005043\">\n<div class=\"col medium-4 small-12 large-4\"  ><div class=\"col-inner\"  >\n<h3><span style=\"color: #ffffff;\">B\u0130Z\u0130MLE \u0130LET\u0130\u015e\u0130ME GE\u00c7\u0130N<\/span><\/h3>\n<p><span style=\"color: #ffffff;\">2004 y\u0131l\u0131ndan y\u0131l\u0131nda kurulan \u015firketimiz, VELENA YAT SAN. Al\u00fcminyum direk imalat\u0131, g\u00fcverte ve arma donan\u0131m ile Bodrum \/ \u0130\u00e7melerde hizmet vermeye ba\u015flam\u0131\u015ft\u0131r.<\/span><br \/><span style=\"color: #ffffff;\">VELENA YAT SANAY\u0130, \u00fcretimlerinde kaliteli ve profesyonel \u00e7al\u0131\u015fmay\u0131 ilke edinmi\u015ftir. Bu y\u00fczden yurt i\u00e7inde oldu\u011fu kadar yurtd\u0131\u015f\u0131nda da her ge\u00e7en g\u00fcn daha fazla talebe al\u00fcminyum direk \u00fcretimi ger\u00e7ekle\u015ftirmektedir.<\/span><\/p>\n<p><span style=\"font-size: 75%;\">Copyright [2018] \u00a9 VELENAMAST YAT SANAY\u0130<\/span><\/p>\n<\/div><\/div>\n<div class=\"col medium-4 small-12 large-4\"  ><div class=\"col-inner\"  >\n<h3 style=\"text-align: center;\"><span style=\"color: #ffffff;\">\u00c7ALI\u015eMA SAATLER\u0130M\u0130Z<\/span><\/h3>\n<a class=\"button white is-shade lowercase expand\"  >\r\n    <span>Pazartesi - Cuma<\/span>\r\n  <\/a>\r\n\n<h3 style=\"text-align: center;\"><span style=\"color: #ffffff; font-size: 80%;\">09:00 &#8211; 18:00<\/span><\/h3>\n<a class=\"button white is-shade lowercase expand\"  >\r\n    <span>Cumartesi<\/span>\r\n  <\/a>\r\n\n<h3 style=\"text-align: center;\"><span style=\"color: #ffffff; font-size: 80%;\">09:00 &#8211; 18:00<\/span><\/h3>\n<a class=\"button white is-shade lowercase expand\"  >\r\n    <span>Acil Durumlar<\/span>\r\n  <\/a>\r\n\n<h3 style=\"text-align: center;\"><span style=\"color: #ffffff; font-size: 80%;\">L\u00fctfen Aray\u0131n\u0131z<\/span><\/h3>\n<\/div><\/div>\n<div class=\"col medium-4 small-12 large-4\"  ><div class=\"col-inner\"  >\n<p style=\"text-align: right;\"><span style=\"color: #ffffff;\"><span style=\"color: #ff0000;\"><i class=\"fas fa-map-marker\" style=\"solid\"><\/i>\u00a0<\/span> ADRES<\/span><\/p>\n<p style=\"text-align: right;\"><span style=\"color: #ffffff;\">Kumbah\u00e7e Mah. Tirhandil Sk. <br \/>No:17\/A 48400 <br \/>\u0130\u00e7meler &#8211; Bodrum \/ MU\u011eLA<\/span><\/p>\n<p style=\"text-align: right;\"><span style=\"color: #ffffff;\"><span style=\"color: #ff0000;\"><i class=\"fas fa-phone-square-alt\" style=\"solid\"><\/i>\u00a0 <\/span>TELEFON <br \/>+90 252 3163503<\/span><\/p>\n<p style=\"text-align: right;\"><span style=\"color: #ffffff;\"><span style=\"color: #ff0000;\"> <i class=\"fas fa-mail-bulk\" style=\"solid\"><\/i><\/span>\u00a0 \u00a0E-MAIL<br \/><a style=\"color: #ffffff;\" href=\"mailto:info@velenamast.com\">info@velenamast.com<\/a><\/span><\/p>\n<\/div><\/div>\n\n<style scope=\"scope\">\n\n<\/style>\n<\/div>\n      <\/div><!-- .section-content -->\r\n\r\n      \n<style scope=\"scope\">\n\n#section_16613781 {\n  padding-top: 0px;\n  padding-bottom: 0px;\n}\n#section_16613781 .section-bg-overlay {\n  background-color: rgba(0, 0, 0, 0.72);\n}\n#section_16613781 .section-bg.bg-loaded {\n  background-image: url(https:\/\/velenamast.com\/wp-content\/uploads\/2023\/04\/main-bottom-4.jpg);\n}\n<\/style>\n  <\/section>\r\n  \n","protected":false},"excerpt":{"rendered":"","protected":false},"author":1,"featured_media":0,"parent":0,"menu_order":0,"comment_status":"closed","ping_status":"closed","template":"page-blank.php","meta":{"footnotes":""},"class_list":["post-406","page","type-page","status-publish","hentry"],"_links":{"self":[{"href":"https:\/\/velenamast.com\/index.php?rest_route=\/wp\/v2\/pages\/406","targetHints":{"allow":["GET"]}}],"collection":[{"href":"https:\/\/velenamast.com\/index.php?rest_route=\/wp\/v2\/pages"}],"about":[{"href":"https:\/\/velenamast.com\/index.php?rest_route=\/wp\/v2\/types\/page"}],"author":[{"embeddable":true,"href":"https:\/\/velenamast.com\/index.php?rest_route=\/wp\/v2\/users\/1"}],"replies":[{"embeddable":true,"href":"https:\/\/velenamast.com\/index.php?rest_route=%2Fwp%2Fv2%2Fcomments&post=406"}],"version-history":[{"count":9,"href":"https:\/\/velenamast.com\/index.php?rest_route=\/wp\/v2\/pages\/406\/revisions"}],"predecessor-version":[{"id":734,"href":"https:\/\/velenamast.com\/index.php?rest_route=\/wp\/v2\/pages\/406\/revisions\/734"}],"wp:attachment":[{"href":"https:\/\/velenamast.com\/index.php?rest_route=%2Fwp%2Fv2%2Fmedia&parent=406"}],"curies":[{"name":"wp","href":"https:\/\/api.w.org\/{rel}","templated":true}]}}